{"id":50599,"date":"2024-05-12T14:12:59","date_gmt":"2024-05-12T14:12:59","guid":{"rendered":"https:\/\/cz.graciasport.ee\/product\/sasaki-leggings\/"},"modified":"2024-05-12T14:12:59","modified_gmt":"2024-05-12T14:12:59","slug":"sasaki-leggings","status":"publish","type":"product","link":"https:\/\/graciasport.cz\/en\/product\/sasaki-leggings\/","title":{"rendered":"Sasaki leggings"},"content":{"rendered":"","protected":false},"excerpt":{"rendered":"<pre class=\"aLF-aPX-K0-aPE\">V\u00fdrobce: Sasaki Barva: \u010dern\u00e1<\/pre>\n","protected":false},"featured_media":46076,"comment_status":"open","ping_status":"closed","template":"","meta":{"_et_pb_use_builder":"","_et_pb_old_content":"","_et_gb_content_width":""},"product_brand":[],"product_cat":[393,395,422,394],"product_tag":[],"class_list":{"0":"post-50599","1":"product","2":"type-product","3":"status-publish","4":"has-post-thumbnail","6":"product_cat-accessories","7":"product_cat-brands","8":"product_cat-sasaki-en","9":"product_cat-to-warm-up","11":"first","12":"instock","13":"taxable","14":"shipping-taxable","15":"purchasable","16":"product-type-simple"},"_links":{"self":[{"href":"https:\/\/graciasport.cz\/en\/wp-json\/wp\/v2\/product\/50599","targetHints":{"allow":["GET"]}}],"collection":[{"href":"https:\/\/graciasport.cz\/en\/wp-json\/wp\/v2\/product"}],"about":[{"href":"https:\/\/graciasport.cz\/en\/wp-json\/wp\/v2\/types\/product"}],"replies":[{"embeddable":true,"href":"https:\/\/graciasport.cz\/en\/wp-json\/wp\/v2\/comments?post=50599"}],"wp:featuredmedia":[{"embeddable":true,"href":"https:\/\/graciasport.cz\/en\/wp-json\/wp\/v2\/media\/46076"}],"wp:attachment":[{"href":"https:\/\/graciasport.cz\/en\/wp-json\/wp\/v2\/media?parent=50599"}],"wp:term":[{"taxonomy":"product_brand","embeddable":true,"href":"https:\/\/graciasport.cz\/en\/wp-json\/wp\/v2\/product_brand?post=50599"},{"taxonomy":"product_cat","embeddable":true,"href":"https:\/\/graciasport.cz\/en\/wp-json\/wp\/v2\/product_cat?post=50599"},{"taxonomy":"product_tag","embeddable":true,"href":"https:\/\/graciasport.cz\/en\/wp-json\/wp\/v2\/product_tag?post=50599"}],"curies":[{"name":"wp","href":"https:\/\/api.w.org\/{rel}","templated":true}]}}